{"id":16209,"date":"2024-08-12T18:30:24","date_gmt":"2024-08-12T18:30:24","guid":{"rendered":"https:\/\/fikragency.com\/altat\/?post_type=product&#038;p=16209"},"modified":"2024-08-17T12:50:27","modified_gmt":"2024-08-17T12:50:27","slug":"dilem-special-kakao-dolgulu-kokolin-800gr","status":"publish","type":"product","link":"https:\/\/efcplastik.com\/index.php\/urun\/dilem-special-kakao-dolgulu-kokolin-800gr\/","title":{"rendered":"Dilem Special Kakao Dolgulu Kokolin"},"content":{"rendered":"","protected":false},"excerpt":{"rendered":"<p>&nbsp;<\/p>\n<table>\n<thead>\n<tr>\n<th><strong>\u00d6zellik<\/strong><\/th>\n<th><strong>Bilgi<\/strong><\/th>\n<\/tr>\n<\/thead>\n<tbody>\n<tr>\n<td><strong>\u00c7e\u015fit No<\/strong><\/td>\n<td>208<\/td>\n<\/tr>\n<tr>\n<td><strong>Adet\/Koli<\/strong><\/td>\n<td>8<\/td>\n<\/tr>\n<tr>\n<td><strong>Net A\u011f\u0131rl\u0131k<\/strong><\/td>\n<td>800 gr<\/td>\n<\/tr>\n<tr>\n<td><strong>Koli Ebatlar\u0131<\/strong><\/td>\n<td>460x340x160<\/td>\n<\/tr>\n<\/tbody>\n<\/table>\n","protected":false},"featured_media":16210,"template":"","meta":[],"product_brand":[],"product_cat":[20],"product_tag":[],"class_list":{"0":"post-16209","1":"product","2":"type-product","3":"status-publish","4":"has-post-thumbnail","6":"product_cat-cikolata","8":"first","9":"instock","10":"featured","11":"shipping-taxable","12":"product-type-simple"},"_links":{"self":[{"href":"https:\/\/efcplastik.com\/index.php\/wp-json\/wp\/v2\/product\/16209","targetHints":{"allow":["GET"]}}],"collection":[{"href":"https:\/\/efcplastik.com\/index.php\/wp-json\/wp\/v2\/product"}],"about":[{"href":"https:\/\/efcplastik.com\/index.php\/wp-json\/wp\/v2\/types\/product"}],"version-history":[{"count":3,"href":"https:\/\/efcplastik.com\/index.php\/wp-json\/wp\/v2\/product\/16209\/revisions"}],"predecessor-version":[{"id":16976,"href":"https:\/\/efcplastik.com\/index.php\/wp-json\/wp\/v2\/product\/16209\/revisions\/16976"}],"wp:featuredmedia":[{"embeddable":true,"href":"https:\/\/efcplastik.com\/index.php\/wp-json\/wp\/v2\/media\/16210"}],"wp:attachment":[{"href":"https:\/\/efcplastik.com\/index.php\/wp-json\/wp\/v2\/media?parent=16209"}],"wp:term":[{"taxonomy":"product_brand","embeddable":true,"href":"https:\/\/efcplastik.com\/index.php\/wp-json\/wp\/v2\/product_brand?post=16209"},{"taxonomy":"product_cat","embeddable":true,"href":"https:\/\/efcplastik.com\/index.php\/wp-json\/wp\/v2\/product_cat?post=16209"},{"taxonomy":"product_tag","embeddable":true,"href":"https:\/\/efcplastik.com\/index.php\/wp-json\/wp\/v2\/product_tag?post=16209"}],"curies":[{"name":"wp","href":"https:\/\/api.w.org\/{rel}","templated":true}]}}