{"id":16763,"date":"2024-08-14T10:44:06","date_gmt":"2024-08-14T10:44:06","guid":{"rendered":"https:\/\/fikragency.com\/altat\/?post_type=product&#038;p=16763"},"modified":"2024-08-17T21:20:11","modified_gmt":"2024-08-17T21:20:11","slug":"toffy-mix-meyve-aromali-yumusak-seker-300gr","status":"publish","type":"product","link":"https:\/\/efcplastik.com\/index.php\/urun\/toffy-mix-meyve-aromali-yumusak-seker-300gr\/","title":{"rendered":"Toffy Mix Meyve Aromal\u0131 Yumu\u015fak \u015eeker"},"content":{"rendered":"","protected":false},"excerpt":{"rendered":"<p>&nbsp;<\/p>\n<table>\n<thead>\n<tr>\n<th><strong>\u00d6zellik<\/strong><\/th>\n<th><strong>Bilgi<\/strong><\/th>\n<\/tr>\n<\/thead>\n<tbody>\n<tr>\n<td><strong>\u00c7e\u015fit No<\/strong><\/td>\n<td>1103<\/td>\n<\/tr>\n<tr>\n<td><strong>Adet\/Koli<\/strong><\/td>\n<td>12<\/td>\n<\/tr>\n<tr>\n<td><strong>Net A\u011f\u0131rl\u0131k<\/strong><\/td>\n<td>300 gr<\/td>\n<\/tr>\n<tr>\n<td><strong>Koli Ebatlar\u0131<\/strong><\/td>\n<td>450x300x160<\/td>\n<\/tr>\n<\/tbody>\n<\/table>\n","protected":false},"featured_media":16764,"template":"","meta":[],"product_brand":[],"product_cat":[29],"product_tag":[],"class_list":{"0":"post-16763","1":"product","2":"type-product","3":"status-publish","4":"has-post-thumbnail","6":"product_cat-seker","8":"first","9":"instock","10":"featured","11":"shipping-taxable","12":"product-type-simple"},"_links":{"self":[{"href":"https:\/\/efcplastik.com\/index.php\/wp-json\/wp\/v2\/product\/16763","targetHints":{"allow":["GET"]}}],"collection":[{"href":"https:\/\/efcplastik.com\/index.php\/wp-json\/wp\/v2\/product"}],"about":[{"href":"https:\/\/efcplastik.com\/index.php\/wp-json\/wp\/v2\/types\/product"}],"version-history":[{"count":4,"href":"https:\/\/efcplastik.com\/index.php\/wp-json\/wp\/v2\/product\/16763\/revisions"}],"predecessor-version":[{"id":17069,"href":"https:\/\/efcplastik.com\/index.php\/wp-json\/wp\/v2\/product\/16763\/revisions\/17069"}],"wp:featuredmedia":[{"embeddable":true,"href":"https:\/\/efcplastik.com\/index.php\/wp-json\/wp\/v2\/media\/16764"}],"wp:attachment":[{"href":"https:\/\/efcplastik.com\/index.php\/wp-json\/wp\/v2\/media?parent=16763"}],"wp:term":[{"taxonomy":"product_brand","embeddable":true,"href":"https:\/\/efcplastik.com\/index.php\/wp-json\/wp\/v2\/product_brand?post=16763"},{"taxonomy":"product_cat","embeddable":true,"href":"https:\/\/efcplastik.com\/index.php\/wp-json\/wp\/v2\/product_cat?post=16763"},{"taxonomy":"product_tag","embeddable":true,"href":"https:\/\/efcplastik.com\/index.php\/wp-json\/wp\/v2\/product_tag?post=16763"}],"curies":[{"name":"wp","href":"https:\/\/api.w.org\/{rel}","templated":true}]}}