{"id":17184,"date":"2024-09-02T17:23:16","date_gmt":"2024-09-02T17:23:16","guid":{"rendered":"https:\/\/fikragency.com\/altat\/?post_type=product&#038;p=17184"},"modified":"2024-09-02T17:24:08","modified_gmt":"2024-09-02T17:24:08","slug":"wufo-balls-hindistan-cevizli-bademli-kutu-top-gofret","status":"publish","type":"product","link":"https:\/\/efcplastik.com\/index.php\/urun\/wufo-balls-hindistan-cevizli-bademli-kutu-top-gofret\/","title":{"rendered":"Wufo Balls Hindistan Cevizli Bademli Kutu Top Gofret"},"content":{"rendered":"","protected":false},"excerpt":{"rendered":"<table>\n<tbody>\n<tr>\n<th style=\"text-align: left;\">\u00d6zellik<\/th>\n<th style=\"text-align: left;\">Bilgi<\/th>\n<\/tr>\n<tr>\n<td style=\"text-align: left;\">Paketleme<\/td>\n<td style=\"text-align: left;\">480g x 12<\/td>\n<\/tr>\n<tr>\n<td style=\"text-align: left;\">Kutu Hacmi<\/td>\n<td style=\"text-align: left;\">0,0282 m\u00b3<\/td>\n<\/tr>\n<tr>\n<td style=\"text-align: left;\">Net A\u011f\u0131rl\u0131k<\/td>\n<td style=\"text-align: left;\">480gr<\/td>\n<\/tr>\n<\/tbody>\n<\/table>\n","protected":false},"featured_media":17185,"template":"","meta":[],"product_brand":[],"product_cat":[28],"product_tag":[],"class_list":{"0":"post-17184","1":"product","2":"type-product","3":"status-publish","4":"has-post-thumbnail","6":"product_cat-gofret","8":"first","9":"instock","10":"featured","11":"shipping-taxable","12":"product-type-simple"},"_links":{"self":[{"href":"https:\/\/efcplastik.com\/index.php\/wp-json\/wp\/v2\/product\/17184","targetHints":{"allow":["GET"]}}],"collection":[{"href":"https:\/\/efcplastik.com\/index.php\/wp-json\/wp\/v2\/product"}],"about":[{"href":"https:\/\/efcplastik.com\/index.php\/wp-json\/wp\/v2\/types\/product"}],"version-history":[{"count":1,"href":"https:\/\/efcplastik.com\/index.php\/wp-json\/wp\/v2\/product\/17184\/revisions"}],"predecessor-version":[{"id":17186,"href":"https:\/\/efcplastik.com\/index.php\/wp-json\/wp\/v2\/product\/17184\/revisions\/17186"}],"wp:featuredmedia":[{"embeddable":true,"href":"https:\/\/efcplastik.com\/index.php\/wp-json\/wp\/v2\/media\/17185"}],"wp:attachment":[{"href":"https:\/\/efcplastik.com\/index.php\/wp-json\/wp\/v2\/media?parent=17184"}],"wp:term":[{"taxonomy":"product_brand","embeddable":true,"href":"https:\/\/efcplastik.com\/index.php\/wp-json\/wp\/v2\/product_brand?post=17184"},{"taxonomy":"product_cat","embeddable":true,"href":"https:\/\/efcplastik.com\/index.php\/wp-json\/wp\/v2\/product_cat?post=17184"},{"taxonomy":"product_tag","embeddable":true,"href":"https:\/\/efcplastik.com\/index.php\/wp-json\/wp\/v2\/product_tag?post=17184"}],"curies":[{"name":"wp","href":"https:\/\/api.w.org\/{rel}","templated":true}]}}