{"id":17187,"date":"2024-09-02T17:24:20","date_gmt":"2024-09-02T17:24:20","guid":{"rendered":"https:\/\/fikragency.com\/altat\/?post_type=product&#038;p=17187"},"modified":"2024-09-02T17:33:09","modified_gmt":"2024-09-02T17:33:09","slug":"wufo-balls-hindistan-cevizli-bademli-poset-top-gofret","status":"publish","type":"product","link":"https:\/\/efcplastik.com\/index.php\/urun\/wufo-balls-hindistan-cevizli-bademli-poset-top-gofret\/","title":{"rendered":"Wufo Balls Hindistan Cevizli Bademli Po\u015fet Top Gofret"},"content":{"rendered":"","protected":false},"excerpt":{"rendered":"<table>\n<tbody>\n<tr>\n<th style=\"text-align: left;\">\u00d6zellik<\/th>\n<th style=\"text-align: left;\">Bilgi<\/th>\n<\/tr>\n<tr>\n<td style=\"text-align: left;\">Paketleme<\/td>\n<td style=\"text-align: left;\">500g x 10<\/td>\n<\/tr>\n<tr>\n<td style=\"text-align: left;\">Kutu Hacmi<\/td>\n<td style=\"text-align: left;\">0,0402 m\u00b3<\/td>\n<\/tr>\n<tr>\n<td style=\"text-align: left;\">Net A\u011f\u0131rl\u0131k<\/td>\n<td style=\"text-align: left;\">500gr<\/td>\n<\/tr>\n<\/tbody>\n<\/table>\n","protected":false},"featured_media":17188,"template":"","meta":[],"product_brand":[],"product_cat":[28],"product_tag":[],"class_list":{"0":"post-17187","1":"product","2":"type-product","3":"status-publish","4":"has-post-thumbnail","6":"product_cat-gofret","8":"first","9":"instock","10":"featured","11":"shipping-taxable","12":"product-type-simple"},"_links":{"self":[{"href":"https:\/\/efcplastik.com\/index.php\/wp-json\/wp\/v2\/product\/17187","targetHints":{"allow":["GET"]}}],"collection":[{"href":"https:\/\/efcplastik.com\/index.php\/wp-json\/wp\/v2\/product"}],"about":[{"href":"https:\/\/efcplastik.com\/index.php\/wp-json\/wp\/v2\/types\/product"}],"version-history":[{"count":1,"href":"https:\/\/efcplastik.com\/index.php\/wp-json\/wp\/v2\/product\/17187\/revisions"}],"predecessor-version":[{"id":17189,"href":"https:\/\/efcplastik.com\/index.php\/wp-json\/wp\/v2\/product\/17187\/revisions\/17189"}],"wp:featuredmedia":[{"embeddable":true,"href":"https:\/\/efcplastik.com\/index.php\/wp-json\/wp\/v2\/media\/17188"}],"wp:attachment":[{"href":"https:\/\/efcplastik.com\/index.php\/wp-json\/wp\/v2\/media?parent=17187"}],"wp:term":[{"taxonomy":"product_brand","embeddable":true,"href":"https:\/\/efcplastik.com\/index.php\/wp-json\/wp\/v2\/product_brand?post=17187"},{"taxonomy":"product_cat","embeddable":true,"href":"https:\/\/efcplastik.com\/index.php\/wp-json\/wp\/v2\/product_cat?post=17187"},{"taxonomy":"product_tag","embeddable":true,"href":"https:\/\/efcplastik.com\/index.php\/wp-json\/wp\/v2\/product_tag?post=17187"}],"curies":[{"name":"wp","href":"https:\/\/api.w.org\/{rel}","templated":true}]}}